{"id":107,"date":"2021-08-06T07:18:42","date_gmt":"2021-08-06T07:18:42","guid":{"rendered":"https:\/\/poskit.info\/grunzhof\/?page_id=107"},"modified":"2021-09-30T12:40:57","modified_gmt":"2021-09-30T10:40:57","slug":"impressum","status":"publish","type":"page","link":"https:\/\/grunzhof.at\/en\/impressum\/","title":{"rendered":"Impressum"},"content":{"rendered":"<p>[et_pb_section fb_built=&#8220;1&#8243; _builder_version=&#8220;4.9.10&#8243; _module_preset=&#8220;default&#8220; global_colors_info=&#8220;{}&#8220;][et_pb_row _builder_version=&#8220;4.9.10&#8243; _module_preset=&#8220;default&#8220; global_colors_info=&#8220;{}&#8220;][et_pb_column type=&#8220;4_4&#8243; _builder_version=&#8220;4.9.10&#8243; _module_preset=&#8220;default&#8220; global_colors_info=&#8220;{}&#8220;][et_pb_text _builder_version=&#8220;4.10.8&#8243; _module_preset=&#8220;default&#8220; text_font=&#8220;Abhaya Libre||||||||&#8220; header_2_font=&#8220;Abhaya Libre||||||||&#8220; header_3_font=&#8220;Abhaya Libre||||||||&#8220; hover_enabled=&#8220;0&#8243; global_colors_info=&#8220;{}&#8220; sticky_enabled=&#8220;0&#8243;]<\/p>\n<h1>Mandatory information<\/h1>\n<p>Grunzhof - Family Siller<br \/>Gasteig 30<br \/>A 6167 Neustift im Stubaital<br \/>Tel.: +43 5226 2756<br \/>E-Mail: info@grunzhof.at<br \/>Internet: www.grunzhof.at<br \/>Private room rental: Siller Richard<\/p>\n<h2>Design, Conception, Implementation<\/h2>\n<p>AM-Computersysteme GmBH<br \/>M\u00fchlenweg 3<br \/>6167 Neustift im Stubaital<br \/>Austria<br \/>Tel.: +43 660 666 7487<br \/>E-Mail: info@roomkit.at<br \/>www.roomkit.at<br \/>www.stubaital.at<\/p>\n<h2>Liability notice<\/h2>\n<p>Disclaimer, Copyright, Terms and Conditions, online reservation.<br \/>All information and prices without guarantee. Errors, typesetting and printing errors reserved. All offers are subject to errors and changes.<\/p>\n<p>With regard to the technical properties of the Internet, no guarantee can be given for the authenticity, correctness and completeness of the information made available on the Internet. There is also no guarantee for the availability or operation of this homepage and its content. Any liability for direct, indirect or other damage, regardless of its causes, arising from the use or unavailability of the data and information on this website, is excluded, as far as legally permissible.<br \/>Despite careful content control, we assume no liability for the content of external links. We expressly declare that we have no influence on the design and content of the linked pages. We therefore hereby expressly distance ourselves from all content on the pages that can be accessed via links on this page.<\/p>\n<h2>Copyrights<\/h2>\n<p>The content of this website is protected by copyright. Images may not be copied, reproduced, republished, posted, transmitted, distributed or sold without permission. Written permission is required for this (see picture credits).<br \/>The information contained on this website has been created to the best of our knowledge and has been checked for accuracy with great care. Nevertheless, errors in content and factual content cannot be completely ruled out.<br \/>AM-Computer Systeme GmbH and Grunzhof assume no guarantee or liability for the correctness, topicality and completeness of the information provided. All information is provided without warranty. This also applies to all links to other URLs mentioned on our website.<\/p>\n<h2>Datenschutzerkl\u00e4rung<\/h2>\n<p>Der Schutz Ihrer personenbezogenen Daten ist uns ein besonderes Anliegen. Diese Datenschutzerkl\u00e4rung informiert Sie, den Nutzer der Webseiten https:\/\/www.grunzhof.at \u00fcber die Art, den Umfang und die Zwecke der Erhebung und Verwendung personenbezogener Daten.<\/p>\n<p>PERSONAL DATA<br \/>We only process the personal data that you provide to us (by visiting our website or by the information you have provided in our contact form.<\/p>\n<p>SSL\/ TLS Encryption<br \/>As the website operator, we use SSL \/ TLS encryption to protect your transmitted data in the best possible way. You can recognize such encrypted connections by the prefix \"https: \/\/\" in the address line of your browser. Unencrypted connections are identified by \"http: \/\/\". You can also recognize a secure connection by the green, closed lock next to the Internet address. All data that you transmit to this website - e.g. for inquiries or bookings - cannot be read by third parties thanks to SSL \/ TLS encryption.<\/p>\n<p>Wich data are recorded<br \/>The website operator or site provider collects data about access to the site and saves it as \"server log files\". The following data is logged:<br \/>Visited Websites<br \/>Time of access<br \/>Amount of data sent in bytes<br \/>Source \/ reference from which you came to the page<br \/>Browser used<br \/>Operating system used<br \/>IP-address<\/p>\n<p>The data collected are only used for statistical evaluations and to improve the website. This is technically necessary in order to be able to display our website to you. We also use the data to be able to improve the website according to your expectations and to guarantee the security and stability of the website. The legal basis for the survey is Art. 6 Para. 1 lit. f GDPR. Our website contains links to third party websites, partly also as an iFrame solution. We are not responsible for compliance with the provisions of the GDPR for these providers.<\/p>\n<p>Duration of storage<br \/>The collected personal data will be stored for a maximum of seven years and then deleted. The tax retention period is 7 years. Safety copies in our backup systems are automatically deleted with a time delay.<\/p>\n<p>Forms<br \/>If you contact us using the form on the website or by e-mail, you give us the personal data (e.g. name, postal address, e-mail address, telephone number, interests, etc.) that we need to process your To be able to process concerns. We save and process this data and, if necessary, forward it to the accommodation providers. We do not pass them on to third parties.<\/p>\n<p>Cookies und Pixel<br \/>We use cookies and pixels at various points on our website. Cookies are small identifiers that a server saves on the device with which you access our website or our services. They contain information that can be called up when accessing our services and thus enable a more efficient and better use of our offers.<br \/>We use permanent and so-called session cookies. Session cookies are deleted when you close your web browser. Permanent cookies remain on your device until they are no longer required to achieve their purpose and are deleted.<br \/>The cookies serve to improve our services and the use of certain features. For example, the ordering process on our website can only be made possible with the help of cookies; cookies are also used, among other things, to collect statistical values \u200b\u200bon our website, for example the number of visitors.<\/p>\n<p>You can prevent the setting of cookies at any time by means of a corresponding setting in your internet browser and thus permanently object to the setting of cookies. Furthermore, cookies that have already been set can be deleted at any time via an Internet browser or other software programs. This is possible in all common internet browsers. If you deactivate the setting of cookies in the internet browser used, not all functions of our website may be fully usable.<br \/>Pixels are small graphics on websites that enable log file recording and log file analysis, which are often used for statistical evaluations.<\/p>\n<p>Specifically, cookies are used for the following services on our website:<br \/>Google-Analytics<br \/>The operating company of the Google Analytics component is Google Inc. The purpose is to analyze the flow of visitors to our website. Among other things, Google uses the data and information obtained to evaluate the use of our website in order to compile online reports.<br \/>Google Analytics places a cookie in your browser. With the setting of the cookie, Google is enabled to analyze the use of our website. Every time a website is accessed on which a Google Analytics component has been integrated, the internet browser is automatically prompted to transmit data to Google. No personal data is transmitted to Google. The IP address we collect is only forwarded to Google after it has been anonymized.<br \/>There is a possibility to object to the collection and processing of this data by Google. To do this, you need to download and install a browser add-on from the link https:\/\/tools.google.com\/dlpage\/gaoptout. Further information and the applicable data protection provisions of Google can be found at https:\/\/www.google.de\/intl\/de\/policies\/privacy and at http:\/\/www.google.com\/analytics\/terms\/de.html. Google Analytics is explained in more detail under this link https:\/\/www.google.com\/intl\/de_de\/analytics.<\/p>\n<p>The legal basis for the processing of your data is Article 6 (1) (f) GDPR. Google participates in the EU-US Privacy Shield: www.privacyshield.gov\/EU-US-Framework Information about Google:<br \/>Google Inc., 1600 Amphitheater Parkway, Mountainview, California 94043, USA<br \/>More information on Google's terms of use:<br \/>www.google.com\/analytics\/terms\/de.html<\/p>\n<p>More information on data protection from Google:<br \/>www.google.com\/intl\/de\/analytics\/privacyoverview.html<\/p>\n<p>More information about the terms of use of Google Maps:<br \/>www.google.com\/intl\/de_US\/help\/terms_maps.htm<\/p>\n<p>MORE WEB TOOLS<br \/>Other Google web tools may be used on this website (such as \u201cGoogle+\u201d, \u201cGoogle AdSense\u201d, \u201cGoogle AdExchange\u201d or \u201cGoogle Double Click for Publishers\u201d) - about whether and to what extent these tools are used specifically, we are happy to provide information and ask you to contact us if you have any questions via one of the contact options given in the imprint of the website. We do not process any of your personal data when using these tools, but data processing is carried out by Google itself - please read the relevant data protection information from Google to obtain further details on the use of your personal data.<br \/>Social media plugins<\/p>\n<p>Further information on the purpose and scope of data collection and its processing by the plug-in provider can be found in the data protection declarations of these providers. There you will also find further information about your rights and options for changing settings to protect your privacy:<br \/>Facebook Inc., 1601 S California Ave, Palo Alto, California 94304, USA<br \/>www.facebook.com\/policy.php<\/p>\n<p>Google Inc (Google+ und You Tube)., 1600 Amphitheater Parkway, Mountainview, California 94043, USA<br \/>www.google.com\/policies\/privacy\/partners\/?hl=de<\/p>\n<p>Twitter, Inc., 1355 Market St, Suite 900, San Francisco, California 94103, USA<\/p>\n<p>twitter.com\/privacy<\/p>\n<p>Instagram Inc., 1601 Willow Road, Menlo Park, CA, 94025, USA integrated,<br \/>http:\/\/instagram.com\/about\/legal\/privacy<br \/>Newsletter<\/p>\n<p>You can subscribe to our newsletter on our website. In the newsletters we inform you about innovations in our service, current and interesting things, as far as possible and known to us, tailored to your interests and holiday wishes. If you subscribe to the newsletter, we collect and save the data that you enter in the input mask (e.g. last name, first name, email address, postal address and enrich these with interests that are known to us from your holiday wishes). We use your data for direct marketing within the meaning of Article 21 GDPR and Article 6 Paragraph 1 lit f GDPR in order to provide you with customized information about our services. A disclosure to third parties does not occur. Subscribing to the newsletter is only possible with your consent. You can easily revoke direct marketing emails and your consent to the newsletter at any time using the unsubscribe function for the newsletter sent to you. We use the data exclusively for sending direct marketing measures and newsletters.<br \/>Your rights<\/p>\n<p>In principle, you have the right to information, correction, deletion, restriction, data portability, revocation and objection. If you believe that the processing of your data violates data protection law or that your data protection claims have been violated in any other way, you can contact us or complain to the supervisory authority. In Austria this is the data protection authority.<\/p>\n<p>RESERVATION OF CHANGE \/ PROTECTION OF PRIVACY<br \/>We are committed to protecting your privacy and treating your personal data confidentially. We take extensive technical and organizational precautions to avoid manipulation, loss or misuse of your data stored by us. These are regularly checked and adapted to technological progress. This includes the use of recognized encryption methods (SSL or TLS). However, we would like to point out that due to the structure of the Internet it is possible that the rules of data protection and the above. Security measures are not observed by other persons or institutions who are not within our area of \u200b\u200bresponsibility. In particular, data disclosed in unencrypted form - e.g. B. if this is done by e-mail - be read by third parties. We have no technical influence on this. It is the responsibility of the user to protect the data provided by him against misuse by encryption or in any other way.<\/p>\n<p>We must reserve the right to adapt the present data protection declaration if necessary, for example to reflect legal developments in the area of \u200b\u200bdata protection. The adjusted \/ changed data protection regulations then apply to future use of our website. We therefore recommend that you review them from time to time.<\/p>\n<p>If you have any questions about this declaration or the processing of your personal data by our company, please contact us by email.<\/p>\n<h2>Photos, picture and video evidence<\/h2>\n<p>\u00a9 Matthias Penz \u2013 stubaital.at\/ roomKit bookingsystem<br \/>\u00a9 Stubai Touristik<br \/>\u00a9 Grunzhof<\/p>\n<p>[\/et_pb_text][\/et_pb_column][\/et_pb_row][\/et_pb_section]<\/p>","protected":false},"excerpt":{"rendered":"<p>Pflichtangaben Grunzhof &#8211; Familie SillerGasteig 30A 6167 Neustift im StubaitalTel.: +43 5226 2756E-Mail: info@grunzhof.atInternet: www.grunzhof.atPrivatzimmervermietung: Siller Richard Design, Konzeption, Umsetzung AM-Computersysteme GmBHM\u00fchlenweg 36167 Neustift im Stubaital\u00d6sterreichTel.: +43 660 666 7487E-Mail: info@roomkit.atwww.roomkit.atwww.stubaital.at Haftungshinweis Disclaimer, Urheberrechte Allgemeine Gesch\u00e4ftsbedingungen online Reservierung.Alle Angaben bzw. Preisangaben ohne Gew\u00e4hr. Irrt\u00fcmer, Satz- und Druckfehler vorbehalten. Im Hinblick auf die technischen Eigenschaften des Internet kann keine Gew\u00e4hr f\u00fcr die Authentizit\u00e4t, Richtigkeit und Vollst\u00e4ndigkeit der im Internet zur Verf\u00fcgung gestellten Informationen \u00fcbernommen werden. Es wird auch keine Gew\u00e4hr f\u00fcr die Verf\u00fcgbarkeit oder den Betrieb der gegenst\u00e4ndlichen Homepage und ihrer Inhalte \u00fcbernommen. Jede Haftung f\u00fcr unmittelbare, mittelbare oder sonstige Sch\u00e4den, unabh\u00e4ngig von deren Ursachen, die aus der Benutzung oder Nichtverf\u00fcgbarkeit der Daten und Informationen dieser Homepage erwachsen, wird, soweit rechtlich zul\u00e4ssig, ausgeschlossen.Trotz sorgf\u00e4ltiger inhaltlicher Kontrolle \u00fcbernehmen wir keine Haftung f\u00fcr die Inhalte externer Links. Wir erkl\u00e4ren ausdr\u00fccklich, keinerlei Einfluss auf die Gestaltung und die Inhalte der gelinkten Seiten zu haben. Wir distanzieren uns daher hiermit ausdr\u00fccklich von allen Inhalten der Seiten, die \u00fcber Links von dieser Seite aus erreichbar sind. Urheberrechte Der Inhalt dieser Website ist urheberrechtlich gesch\u00fctzt. Bilder d\u00fcrfen nicht ohne Erlaubnis kopiert, reproduziert, neu aufgelegt, online-gestellt, bekannt gegeben, \u00fcbertragen, verteilt oder verkauft werden. Es bedarf dazu einer schriftlichen [&hellip;]<\/p>","protected":false},"author":1,"featured_media":0,"parent":0,"menu_order":0,"comment_status":"closed","ping_status":"closed","template":"","meta":{"_et_pb_use_builder":"on","_et_pb_old_content":"","_et_gb_content_width":"","footnotes":""},"class_list":["post-107","page","type-page","status-publish","hentry"],"_links":{"self":[{"href":"https:\/\/grunzhof.at\/en\/wp-json\/wp\/v2\/pages\/107","targetHints":{"allow":["GET"]}}],"collection":[{"href":"https:\/\/grunzhof.at\/en\/wp-json\/wp\/v2\/pages"}],"about":[{"href":"https:\/\/grunzhof.at\/en\/wp-json\/wp\/v2\/types\/page"}],"author":[{"embeddable":true,"href":"https:\/\/grunzhof.at\/en\/wp-json\/wp\/v2\/users\/1"}],"replies":[{"embeddable":true,"href":"https:\/\/grunzhof.at\/en\/wp-json\/wp\/v2\/comments?post=107"}],"version-history":[{"count":5,"href":"https:\/\/grunzhof.at\/en\/wp-json\/wp\/v2\/pages\/107\/revisions"}],"predecessor-version":[{"id":251,"href":"https:\/\/grunzhof.at\/en\/wp-json\/wp\/v2\/pages\/107\/revisions\/251"}],"wp:attachment":[{"href":"https:\/\/grunzhof.at\/en\/wp-json\/wp\/v2\/media?parent=107"}],"curies":[{"name":"wp","href":"https:\/\/api.w.org\/{rel}","templated":true}]}}