{"id":107,"date":"2021-08-06T07:18:42","date_gmt":"2021-08-06T07:18:42","guid":{"rendered":"https:\/\/poskit.info\/grunzhof\/?page_id=107"},"modified":"2021-09-30T12:40:57","modified_gmt":"2021-09-30T10:40:57","slug":"impressum","status":"publish","type":"page","link":"https:\/\/grunzhof.at\/de\/impressum\/","title":{"rendered":"Impressum"},"content":{"rendered":"<p>[et_pb_section fb_built=&#8220;1&#8243; _builder_version=&#8220;4.9.10&#8243; _module_preset=&#8220;default&#8220; global_colors_info=&#8220;{}&#8220;][et_pb_row _builder_version=&#8220;4.9.10&#8243; _module_preset=&#8220;default&#8220; global_colors_info=&#8220;{}&#8220;][et_pb_column type=&#8220;4_4&#8243; _builder_version=&#8220;4.9.10&#8243; _module_preset=&#8220;default&#8220; global_colors_info=&#8220;{}&#8220;][et_pb_text _builder_version=&#8220;4.10.8&#8243; _module_preset=&#8220;default&#8220; text_font=&#8220;Abhaya Libre||||||||&#8220; header_2_font=&#8220;Abhaya Libre||||||||&#8220; header_3_font=&#8220;Abhaya Libre||||||||&#8220; hover_enabled=&#8220;0&#8243; global_colors_info=&#8220;{}&#8220; sticky_enabled=&#8220;0&#8243;]<\/p>\n<h1>Pflichtangaben<\/h1>\n<p>Grunzhof &#8211; Familie Siller<br \/>Gasteig 30<br \/>A 6167 Neustift im Stubaital<br \/>Tel.: +43 5226 2756<br \/>E-Mail: info@grunzhof.at<br \/>Internet: www.grunzhof.at<br \/>Privatzimmervermietung: Siller Richard<\/p>\n<h2>Design, Konzeption, Umsetzung<\/h2>\n<p>AM-Computersysteme GmBH<br \/>M\u00fchlenweg 3<br \/>6167 Neustift im Stubaital<br \/>\u00d6sterreich<br \/>Tel.: +43 660 666 7487<br \/>E-Mail: info@roomkit.at<br \/>www.roomkit.at<br \/>www.stubaital.at<\/p>\n<h2>Haftungshinweis<\/h2>\n<p>Disclaimer, Urheberrechte Allgemeine Gesch\u00e4ftsbedingungen online Reservierung.<br \/>Alle Angaben bzw. Preisangaben ohne Gew\u00e4hr. Irrt\u00fcmer, Satz- und Druckfehler vorbehalten.<\/p>\n<p>Im Hinblick auf die technischen Eigenschaften des Internet kann keine Gew\u00e4hr f\u00fcr die Authentizit\u00e4t, Richtigkeit und Vollst\u00e4ndigkeit der im Internet zur Verf\u00fcgung gestellten Informationen \u00fcbernommen werden. Es wird auch keine Gew\u00e4hr f\u00fcr die Verf\u00fcgbarkeit oder den Betrieb der gegenst\u00e4ndlichen Homepage und ihrer Inhalte \u00fcbernommen. Jede Haftung f\u00fcr unmittelbare, mittelbare oder sonstige Sch\u00e4den, unabh\u00e4ngig von deren Ursachen, die aus der Benutzung oder Nichtverf\u00fcgbarkeit der Daten und Informationen dieser Homepage erwachsen, wird, soweit rechtlich zul\u00e4ssig, ausgeschlossen.<br \/>Trotz sorgf\u00e4ltiger inhaltlicher Kontrolle \u00fcbernehmen wir keine Haftung f\u00fcr die Inhalte externer Links. Wir erkl\u00e4ren ausdr\u00fccklich, keinerlei Einfluss auf die Gestaltung und die Inhalte der gelinkten Seiten zu haben. Wir distanzieren uns daher hiermit ausdr\u00fccklich von allen Inhalten der Seiten, die \u00fcber Links von dieser Seite aus erreichbar sind.<\/p>\n<h2>Urheberrechte<\/h2>\n<p>Der Inhalt dieser Website ist urheberrechtlich gesch\u00fctzt. Bilder d\u00fcrfen nicht ohne Erlaubnis kopiert, reproduziert, neu aufgelegt, online-gestellt, bekannt gegeben, \u00fcbertragen, verteilt oder verkauft werden. Es bedarf dazu einer schriftlichen Erlaubnis (siehe Bildnachweis).<br \/>Die auf dieser Website enthaltenen Angaben werden nach bestem Wissen erstellt und mit gro\u00dfer Sorgfalt auf ihre Richtigkeit \u00fcberpr\u00fcft. Trotzdem sind inhaltliche und sachliche Fehler nicht vollst\u00e4ndig auszuschlie\u00dfen.<br \/>AM-Computer Systeme GmbH und Grunzhof \u00fcbernehmen keinerlei Garantie und Haftung f\u00fcr die Richtigkeit, Aktualit\u00e4t und Vollst\u00e4ndigkeit der bereitgestellten Informationen. Alle Angaben sind ohne Gew\u00e4hr. Dies gilt auch f\u00fcr alle Links zu anderen URLs, die auf unserer Website genannt werden.<\/p>\n<h2>Datenschutzerkl\u00e4rung<\/h2>\n<p>Der Schutz Ihrer personenbezogenen Daten ist uns ein besonderes Anliegen. Diese Datenschutzerkl\u00e4rung informiert Sie, den Nutzer der Webseiten https:\/\/www.grunzhof.at \u00fcber die Art, den Umfang und die Zwecke der Erhebung und Verwendung personenbezogener Daten.<\/p>\n<p>PERSONENBEZOGENE DATEN<br \/>Wir verarbeiten lediglich jene personenbezogenen Daten, die Sie uns (durch Besuch unserer Webseite bzw durch die von Ihnen gemachten Angaben in unserem Kontaktformular Verf\u00fcgung stellen.<\/p>\n<p>SSL\/TLS-Verschl\u00fcsselung<br \/>Um Ihre \u00fcbermittelten Daten bestm\u00f6glich zu sch\u00fctzen, nutzen wir als Websitenbetreiber eine SSL\/TLS-Verschl\u00fcsselung. Sie erkennen derart verschl\u00fcsselte Verbindungen an dem Pr\u00e4fix \u201chttps:\/\/\u201c in der Adresszeile Ihres Browsers. Unverschl\u00fcsselte Verbindungen sind durch \u201ehttp:\/\/\u201c gekennzeichnet. Ebenso erkennen Sie eine sichere Verbindung an dem gr\u00fcnen, geschlossenen Schloss neben der Internet-Adresse. S\u00e4mtliche Daten, welche Sie an diese Website \u00fcbermitteln \u2013 etwa bei Anfragen oder Buchungen \u2013 k\u00f6nnen dank SSL\/TLS-Verschl\u00fcsselung nicht von Dritten gelesen werden.<\/p>\n<p>Welche Daten werden erfasst<br \/>Der Websitebetreiber bzw. Seitenprovider erhebt Daten \u00fcber Zugriffe auf die Seite und speichert diese als \u201eServer-Logfiles\u201c ab. Folgende Daten werden so protokolliert:<br \/>Besuchte Website<br \/>Uhrzeit zum Zeitpunkt des Zugriffes<br \/>Menge der gesendeten Daten in Byte<br \/>Quelle\/Verweis, von welchem Sie auf die Seite gelangten<br \/>Verwendeter Browser<br \/>Verwendetes Betriebssystem<br \/>Verwendete IP-Adresse<\/p>\n<p>Die erhobenen Daten dienen lediglich statistischen Auswertungen und zur Verbesserung der Website. Dies ist technisch erforderlich, um Ihnen unsere Website anzeigen zu k\u00f6nnen. Wir nutzen die Daten auch, um die Website Ihren Erwartungen gem\u00e4\u00df verbessern zu k\u00f6nnen und die Sicherheit sowie die Stabilit\u00e4t der Website zu gew\u00e4hrleisten. Rechtsgrundlage f\u00fcr die Erhebung ist Art. 6 Abs. 1 lit. f DSGVO. Unsere Website enth\u00e4lt Links zu Websites Dritter, tlw. auch als iFrame-L\u00f6sung. F\u00fcr die Einhaltung der Vorschriften der DSGVO dieser Anbieter sind wir nicht verantwortlich.<\/p>\n<p>Dauer der Speicherung<br \/>Die erhobenen personenbezogenen Daten werden vom uns l\u00e4ngstens f\u00fcr eine Dauer von sieben Jahren gespeichert und anschlie\u00dfend gel\u00f6scht. Die steuerrechtlichen Aufbewahrungsfrist betr\u00e4gt 7 Jahre. Sicherheitskopien in unseren Backup-Systemen werden automatisch mit Zeitverz\u00f6gerung gel\u00f6scht.<\/p>\n<p>Formulare<br \/>Wenn Sie per Formular auf der Website oder per E-Mail Kontakt mit uns aufnehmen, geben Sie uns die pers\u00f6nlichen Daten (z.B. Name, Postanschrift, E-Mail Adresse, Telefonnummer, Interessen etc.) zur Verarbeitung bekannt, die wir ben\u00f6tigen, um Ihr Anliegen bearbeiten zu k\u00f6nnen. Diese Daten speichern und verarbeiten wir und leiten sie gegebenenfalls an die Beherbergungsbetriebe weiter. Wir geben sie nicht an Dritte weiter.<\/p>\n<p>Cookies und Pixel<br \/>An verschiedenen Stellen unserer Webseite nutzen wir Cookies und Pixel. Cookies sind kleine Kennungen, die ein Server auf dem Endger\u00e4t, mit dem Sie auf unsere Webseite oder unsere Dienste zugreifen, speichert. Sie enthalten Informationen, die bei einem Zugriff auf unsere Dienste abgerufen werden k\u00f6nnen und so eine effizientere und bessere Nutzung unserer Angebote erm\u00f6glichen.<br \/>Wir setzen permanente und sogenannte Session Cookies ein. Session Cookies werden bereits beim Schlie\u00dfen Ihres Webbrowsers gel\u00f6scht. Permanente Cookies verbleiben auf Ihrem Endger\u00e4t, bis sie zur Erreichung ihres Zwecks nicht mehr erforderlich sind und gel\u00f6scht werden.<br \/>Die Cookies dienen einer Verbesserung unserer Dienste und der Nutzung bestimmter Features. So kann z.B. der Bestellvorgang unserer Webseite ausschlie\u00dflich mit Hilfe von Cookies erm\u00f6glicht werden, dar\u00fcber hinaus werden Cookies unter anderem auch verwendet, um statistische Werte zu unserem Webangebot, beispielsweise \u00fcber die Anzahl der Besucher, zu erheben.<\/p>\n<p>Sie k\u00f6nnen die Setzung von Cookies jederzeit mittels einer entsprechenden Einstellung Ihres genutzten Internetbrowsers verhindern und damit der Setzung von Cookies dauerhaft widersprechen. Ferner k\u00f6nnen bereits gesetzte Cookies jederzeit \u00fcber einen Internetbrowser oder andere Softwareprogramme gel\u00f6scht werden. Dies ist in allen g\u00e4ngigen Internetbrowsern m\u00f6glich. Deaktivieren Sie die Setzung von Cookies in dem genutzten Internetbrowser, sind unter Umst\u00e4nden nicht alle Funktionen unserer Internetseite vollumf\u00e4nglich nutzbar.<br \/>Pixel sind kleine Grafiken auf Webseiten, die eine Logdatei-Aufzeichnung und eine Logdatei-Analyse erm\u00f6glichen, welche oft f\u00fcr statistische Auswertungen verwendet werden.<\/p>\n<p>Konkret werden Cookies f\u00fcr folgende Dienste auf unserer Webseite verwendet:<br \/>Google-Analytics<br \/>Betreibergesellschaft der Google-Analytics-Komponente ist die Google Inc. Der Zweck ist die Analyse der Besucherstr\u00f6me auf unserer Internetseite. Google nutzt die gewonnenen Daten und Informationen unter anderem dazu, die Nutzung unserer Internetseite auszuwerten, um f\u00fcr uns Online-Reports zusammenzustellen.<br \/>Google Analytics setzt ein Cookie in Ihrem Browser. Mit Setzung des Cookies wird Google eine Analyse der Benutzung unserer Internetseite erm\u00f6glicht. Durch jeden Aufruf einer Webseite, auf welcher eine Google-Analytics-Komponente integriert wurde, wird der Internetbrowser automatisch veranlasst, Daten an Google zu \u00fcbermitteln. Es werden dabei keine personenbezogenen Daten an Google \u00fcbermittelt. Die von uns erhobene IP-Adresse wird erst nach Anonymisierung an Google weitergeleitet.<br \/>Es besteht die M\u00f6glichkeit, einer Erfassung und Verarbeitung dieser Daten durch Google zu widersprechen. Hierzu m\u00fcssen Sie ein Browser-Add-On unter dem Link https:\/\/tools.google.com\/dlpage\/gaoptout herunterladen und installieren. Weitere Informationen und die geltenden Datenschutzbestimmungen von Google k\u00f6nnen unter https:\/\/www.google.de\/intl\/de\/policies\/privacy und unter http:\/\/www.google.com\/analytics\/terms\/de.html abgerufen werden. Google Analytics wird unter diesem Link https:\/\/www.google.com\/intl\/de_de\/analytics genauer erl\u00e4utert.<\/p>\n<p>Rechtsgrundlage f\u00fcr die Verarbeitung Ihrer Daten ist Art. 6 Abs. 1 lit. f DSGVO. Google nimmt an dem EU-US Privacy Shield teil: www.privacyshield.gov\/EU-US-Framework Informationen \u00fcber Google:<br \/>Google Inc., 1600 Amphitheater Parkway, Mountainview, California 94043, USA<br \/>N\u00e4here Informationen zu den Nutzungsbedingungen von Google:<br \/>www.google.com\/analytics\/terms\/de.html<\/p>\n<p>N\u00e4here Informationen zum Datenschutz von Google:<br \/>www.google.com\/intl\/de\/analytics\/privacyoverview.html<\/p>\n<p>N\u00e4here Informationen zu den Nutzungsbedingungen von Google Maps:<br \/>www.google.com\/intl\/de_US\/help\/terms_maps.htm<\/p>\n<p>WEITERE WEB-TOOLS<br \/>Auf dieser Webseite k\u00f6nnen unter Umst\u00e4nden weitere Web-Tools von Google zum Einsatz gelangen ( etwa \u201eGoogle +\u201c, \u201eGoogle AdSense\u201c, \u201eGoogle AdExchange\u201c oder \u201eGoogle Double Klick for Publishers\u201c ) \u2013 dar\u00fcber, ob und in welchem Umfang diese Tools konkret eingesetzt werden, geben wir gerne Auskunft und ersuchen Sie, uns bei Fragen \u00fcber eine der im Impressum der Webseite angegebene Kontaktm\u00f6glichkeit zu kontaktieren. Wir verarbeiten beim Einsatz dieser Tools keine personenbezogenen Daten von Ihnen, allenfalls erfolgt eine Datenverarbeitung jedoch durch Google selbst \u2013 bitte setzen Sie sich daher mit den entsprechenden Datenschutzhinweisen von Google auseinander um weitere Details der Nutzung Ihrer personenbezogenen Daten zu erlangen.<br \/>Social Media Plugins<\/p>\n<p>Weitere Informationen zu Zweck und Umfang der Datenerhebung und ihrer Verarbeitung durch den Plug-in-Anbieter erhalten Sie in den Datenschutzerkl\u00e4rungen dieser Anbieter. Dort finden Sie auch weitere Informationen zu Ihren Rechten und M\u00f6glichkeiten zur \u00c4nderung von Einstellungen zum Schutze Ihrer Privatsph\u00e4re:<br \/>Facebook Inc., 1601 S California Ave, Palo Alto, California 94304, USA<br \/>www.facebook.com\/policy.php<\/p>\n<p>Google Inc (Google+ und You Tube)., 1600 Amphitheater Parkway, Mountainview, California 94043, USA<br \/>www.google.com\/policies\/privacy\/partners\/?hl=de<\/p>\n<p>Twitter, Inc., 1355 Market St, Suite 900, San Francisco, California 94103, USA<\/p>\n<p>twitter.com\/privacy<\/p>\n<p>Instagram Inc., 1601 Willow Road, Menlo Park, CA, 94025, USA integriert,<br \/>http:\/\/instagram.com\/about\/legal\/privacy<br \/>Newsletter<\/p>\n<p>Auf unserer Website k\u00f6nnen Sie unsere Newsletter abonnieren. In den Newslettern informieren wir Sie \u00fcber Neuerungen zu unserer Dienstleistung, Aktuelles und Interessantes, soweit uns m\u00f6glich und bekannt, abgestimmt auf Ihre Interessen und Urlaubsw\u00fcnsche. Wenn Sie den Newsletter abonnieren, erheben und speichern wir die Daten, die Sie in die Eingabemaske eingeben (z.B. Nachname, Vorname, E-Mail-Adresse, Postadresse und reichern diese mit Interessen an, die uns aus Ihren Urlaubsw\u00fcnschen bekannt sind). Wir nutzen Ihre Daten f\u00fcr Direktmarketing im Sinne Artikel 21 DSGVO und Art 6 Abs 1 lit f DSGV, um Ihnen ma\u00dfgeschneiderte Informationen zu unserer Dienstleistung zu \u00fcbermitteln. Eine Weitergabe an Dritte findet nicht statt. Das Abonnement des Newsletters ist nur mit Ihrer Einwilligung m\u00f6glich. Direktmarketingmails sowie die Einwilligung zum Newsletter k\u00f6nnen Sie jederzeit sehr einfach \u00fcber die Abmeldefunktion des Ihnen zugestellten Newsletters widerrufen. Die Daten verwenden wir ausschlie\u00dflich f\u00fcr den Versand von Direktmarketingma\u00dfnahmen und Newslettern.<br \/>Ihre Rechte<\/p>\n<p>Ihnen stehen grunds\u00e4tzlich die Rechte auf Auskunft, Berichtigung, L\u00f6schung, Einschr\u00e4nkung, Daten\u00fcbertragbarkeit, Widerruf und Widerspruch zu. Wenn Sie glauben, dass die Verarbeitung Ihrer Daten gegen das Datenschutzrecht verst\u00f6\u00dft oder Ihre datenschutzrechtlichen Anspr\u00fcche sonst in einer Weise verletzt worden sind, k\u00f6nnen Sie uns kontaktieren oder sich bei der Aufsichtsbeh\u00f6rde beschweren. In \u00d6sterreich ist dies die Datenschutzbeh\u00f6rde.<\/p>\n<p>\u00c4NDERUNGSVORBEHALT\/ SCHUTZ DER PRIVATSPH\u00c4RE<br \/>Wir verpflichten uns, Ihre Privatsph\u00e4re zu sch\u00fctzen und Ihre personenbezogenen Daten vertraulich zu behandeln. Wir treffen umfangreiche technische und organisatorische Vorkehrungen, um eine Manipulation, einen Verlust oder einen Missbrauch Ihrer bei uns gespeicherten Daten zu vermeiden. Diese werden regelm\u00e4\u00dfig \u00fcberpr\u00fcft und dem technologischen Fortschritt angepasst. Hierzu geh\u00f6rt unter anderem die Verwendung anerkannter Verschl\u00fcsselungsverfahren (SSL oder TLS). Wir weisen Sie jedoch darauf hin, dass es aufgrund der Struktur des Internets m\u00f6glich ist, dass die Regeln des Datenschutzes und die o. g. Sicherungsma\u00dfnahmen von anderen, nicht innerhalb unseres Verantwortungsbereichs liegenden Personen oder Institutionen nicht beachtet werden. Insbesondere k\u00f6nnen unverschl\u00fcsselt preisgegebene Daten \u2013 z. B. wenn dies per E-Mail erfolgt \u2013 von Dritten mitgelesen werden. Hierauf haben wir technisch keinen Einfluss. Es liegt im Verantwortungsbereich des Nutzers, die von ihm zur Verf\u00fcgung gestellten Daten durch Verschl\u00fcsselung oder in sonstiger Weise gegen Missbrauch zu sch\u00fctzen.<\/p>\n<p>Wir m\u00fcssen uns vorbehalten, die gegenst\u00e4ndliche Datenschutzerkl\u00e4rung im Bedarfsfall anzupassen, etwa zur Abbildung von Rechtsentwicklungen im Bereich des Datenschutzes. F\u00fcr die k\u00fcnftige Nutzung unserer Webseiten gelten sodann die angepassten\/ge\u00e4nderten Datenschutzbestimmungen. Wir empfehlen daher, diese von Zeit zu Zeit einzusehen.<\/p>\n<p>Wenn Sie Fragen zu dieser Erkl\u00e4rung oder der Verarbeitung Ihrer personenbezogenen Daten durch unser Unternehmen haben, wenden Sie sich bitte per E-Mail an uns.<\/p>\n<h2>Fotos, Bild und Video Nachweise<\/h2>\n<p>\u00a9 Matthias Penz \u2013 stubaital.at\/ roomKit bookingsystem<br \/>\u00a9 Stubai Touristik<br \/>\u00a9 Grunzhof<\/p>\n<p>[\/et_pb_text][\/et_pb_column][\/et_pb_row][\/et_pb_section]<\/p>\n","protected":false},"excerpt":{"rendered":"<p>Pflichtangaben Grunzhof &#8211; Familie SillerGasteig 30A 6167 Neustift im StubaitalTel.: +43 5226 2756E-Mail: info@grunzhof.atInternet: www.grunzhof.atPrivatzimmervermietung: Siller Richard Design, Konzeption, Umsetzung AM-Computersysteme GmBHM\u00fchlenweg 36167 Neustift im Stubaital\u00d6sterreichTel.: +43 660 666 7487E-Mail: info@roomkit.atwww.roomkit.atwww.stubaital.at Haftungshinweis Disclaimer, Urheberrechte Allgemeine Gesch\u00e4ftsbedingungen online Reservierung.Alle Angaben bzw. Preisangaben ohne Gew\u00e4hr. Irrt\u00fcmer, Satz- und Druckfehler vorbehalten. Im Hinblick auf die technischen Eigenschaften des Internet kann keine Gew\u00e4hr f\u00fcr die Authentizit\u00e4t, Richtigkeit und Vollst\u00e4ndigkeit der im Internet zur Verf\u00fcgung gestellten Informationen \u00fcbernommen werden. Es wird auch keine Gew\u00e4hr f\u00fcr die Verf\u00fcgbarkeit oder den Betrieb der gegenst\u00e4ndlichen Homepage und ihrer Inhalte \u00fcbernommen. Jede Haftung f\u00fcr unmittelbare, mittelbare oder sonstige Sch\u00e4den, unabh\u00e4ngig von deren Ursachen, die aus der Benutzung oder Nichtverf\u00fcgbarkeit der Daten und Informationen dieser Homepage erwachsen, wird, soweit rechtlich zul\u00e4ssig, ausgeschlossen.Trotz sorgf\u00e4ltiger inhaltlicher Kontrolle \u00fcbernehmen wir keine Haftung f\u00fcr die Inhalte externer Links. Wir erkl\u00e4ren ausdr\u00fccklich, keinerlei Einfluss auf die Gestaltung und die Inhalte der gelinkten Seiten zu haben. Wir distanzieren uns daher hiermit ausdr\u00fccklich von allen Inhalten der Seiten, die \u00fcber Links von dieser Seite aus erreichbar sind. Urheberrechte Der Inhalt dieser Website ist urheberrechtlich gesch\u00fctzt. Bilder d\u00fcrfen nicht ohne Erlaubnis kopiert, reproduziert, neu aufgelegt, online-gestellt, bekannt gegeben, \u00fcbertragen, verteilt oder verkauft werden. Es bedarf dazu einer schriftlichen [&hellip;]<\/p>\n","protected":false},"author":1,"featured_media":0,"parent":0,"menu_order":0,"comment_status":"closed","ping_status":"closed","template":"","meta":{"_et_pb_use_builder":"on","_et_pb_old_content":"","_et_gb_content_width":"","footnotes":""},"class_list":["post-107","page","type-page","status-publish","hentry"],"_links":{"self":[{"href":"https:\/\/grunzhof.at\/de\/wp-json\/wp\/v2\/pages\/107","targetHints":{"allow":["GET"]}}],"collection":[{"href":"https:\/\/grunzhof.at\/de\/wp-json\/wp\/v2\/pages"}],"about":[{"href":"https:\/\/grunzhof.at\/de\/wp-json\/wp\/v2\/types\/page"}],"author":[{"embeddable":true,"href":"https:\/\/grunzhof.at\/de\/wp-json\/wp\/v2\/users\/1"}],"replies":[{"embeddable":true,"href":"https:\/\/grunzhof.at\/de\/wp-json\/wp\/v2\/comments?post=107"}],"version-history":[{"count":5,"href":"https:\/\/grunzhof.at\/de\/wp-json\/wp\/v2\/pages\/107\/revisions"}],"predecessor-version":[{"id":251,"href":"https:\/\/grunzhof.at\/de\/wp-json\/wp\/v2\/pages\/107\/revisions\/251"}],"wp:attachment":[{"href":"https:\/\/grunzhof.at\/de\/wp-json\/wp\/v2\/media?parent=107"}],"curies":[{"name":"wp","href":"https:\/\/api.w.org\/{rel}","templated":true}]}}